{"id":51,"date":"2025-09-14T11:57:13","date_gmt":"2025-09-14T11:57:13","guid":{"rendered":"https:\/\/www.gulizardoner.tr\/emniyet\/?page_id=51"},"modified":"2025-09-23T08:12:25","modified_gmt":"2025-09-23T08:12:25","slug":"hakkimizda","status":"publish","type":"page","link":"https:\/\/www.gulizardoner.tr\/emniyet\/hakkimizda\/","title":{"rendered":"Hakk\u0131m\u0131zda"},"content":{"rendered":"<p>[vc_row][vc_column][vc_empty_space height=&#8221;62px&#8221;][\/vc_column][\/vc_row][vc_row][vc_column width=&#8221;1\/6&#8243;][\/vc_column][vc_column width=&#8221;2\/3&#8243;][vc_empty_space height=&#8221;12&#8243;]<div id=\"ultimate-heading-871269e61761cd723\" class=\"uvc-heading ult-adjust-bottom-margin ultimate-heading-871269e61761cd723 uvc-6551  uvc-heading-default-font-sizes\" data-hspacer=\"no_spacer\"  data-halign=\"center\" style=\"text-align:center\"><div class=\"uvc-heading-spacer no_spacer\" style=\"top\"><\/div><div class=\"uvc-sub-heading ult-responsive\"  data-ultimate-target='.uvc-heading.ultimate-heading-871269e61761cd723 .uvc-sub-heading '  data-responsive-json-new='{\"font-size\":\"\",\"line-height\":\"\"}'  style=\"font-weight:normal;\"><\/p>\n<p data-start=\"170\" data-end=\"536\"><strong data-start=\"170\" data-end=\"202\">G\u00fclizar D\u00f6ner Emniyet \u015eubesi<\/strong>, \u015eanl\u0131urfa genelinde d\u00f6ner sekt\u00f6r\u00fcnde kalitesi ve lezzetiyle tan\u0131nan <strong data-start=\"270\" data-end=\"287\">G\u00fclizar D\u00f6ner <\/strong>markas\u0131n\u0131n g\u00fc\u00e7l\u00fc b\u00fcnyesinde hizmet veren bir \u015fubedir. G\u00fclizar markas\u0131, y\u0131llar\u0131n deneyimiyle d\u00f6neri geleneksel lezzetlerinden \u00f6d\u00fcn vermeden modern sunumlarla bulu\u015fturan, m\u00fc\u015fteri memnuniyetini merkeze alan bir marka olarak sekt\u00f6rde \u00f6nc\u00fc konumdad\u0131r.<\/p>\n<p data-start=\"538\" data-end=\"883\">Emniyet \u015eubemiz, bu k\u00f6kl\u00fc markan\u0131n kalite standartlar\u0131n\u0131 birebir yans\u0131tarak, her m\u00fc\u015fterisine ayn\u0131 \u00f6zen ve titizlikle haz\u0131rlanan \u00fcr\u00fcnler sunar. Et ve tavuk d\u00f6nerlerimizden \u00f6zel soslar\u0131m\u0131za, hijyenik mutfak ortam\u0131m\u0131zdan g\u00fcler y\u00fczl\u00fc personelimize kadar her detayda G\u00fclizar D\u00f6ner\u2019in g\u00fcvenilirli\u011fini ve markala\u015fm\u0131\u015f lezzet anlay\u0131\u015f\u0131n\u0131 g\u00f6rebilirsiniz.<\/p>\n<p data-start=\"885\" data-end=\"1133\"><strong>\u201cHer lokmada kalite, her sipari\u015fte g\u00fcven\u201d<\/strong> ilkesiyle hareket eden \u015fubemiz, hem restoran\u0131m\u0131zda hem de eve teslim hizmetimizde G\u00fclizar markas\u0131n\u0131n y\u00fcksek standartlar\u0131n\u0131 koruyarak, \u015eanl\u0131urfa\u2019n\u0131n vazge\u00e7ilmez lezzet duraklar\u0131ndan biri olmay\u0131 s\u00fcrd\u00fcr\u00fcyor.<\/p>\n<p><\/div><\/div>[\/vc_column][vc_column width=&#8221;1\/6&#8243;][\/vc_column][\/vc_row][vc_row][vc_column][vc_empty_space][vc_separator][\/vc_column][\/vc_row][vc_row][vc_column]<div id=\"ultimate-heading-983969e61761cd76a\" class=\"uvc-heading ult-adjust-bottom-margin ultimate-heading-983969e61761cd76a uvc-8774  uvc-heading-default-font-sizes\" data-hspacer=\"no_spacer\"  data-halign=\"center\" style=\"text-align:center\"><div class=\"uvc-heading-spacer no_spacer\" style=\"top\"><\/div><div class=\"uvc-main-heading ult-responsive\"  data-ultimate-target='.uvc-heading.ultimate-heading-983969e61761cd76a h2'  data-responsive-json-new='{\"font-size\":\"\",\"line-height\":\"\"}' ><h2 style=\"--font-weight:theme;\">\u015eubelerimiz<\/h2><\/div><\/div>[vc_empty_space][\/vc_column][\/vc_row][vc_row][vc_column width=&#8221;1\/4&#8243;][\/vc_column][vc_column width=&#8221;1\/4&#8243;]<style type=\"text\/css\" data-type=\"the7_shortcodes-inline-css\">.shortcode-single-image-wrap.shortcode-single-image-c6757980131047c56061ba64b69e13da.enable-bg-rollover .rollover i,\n.shortcode-single-image-wrap.shortcode-single-image-c6757980131047c56061ba64b69e13da.enable-bg-rollover .rollover-video i {\n  background: -webkit-linear-gradient();\n  background: linear-gradient();\n}\n.shortcode-single-image-wrap.shortcode-single-image-c6757980131047c56061ba64b69e13da .rollover-icon {\n  font-size: 32px;\n  color: #ffffff;\n  min-width: 44px;\n  min-height: 44px;\n  line-height: 44px;\n  border-radius: 100px;\n  border-style: solid;\n  border-width: 0px;\n}\n.dt-icon-bg-on.shortcode-single-image-wrap.shortcode-single-image-c6757980131047c56061ba64b69e13da .rollover-icon {\n  background: rgba(255,255,255,0.3);\n  box-shadow: none;\n}\n<\/style><div class=\"shortcode-single-image-wrap shortcode-single-image-c6757980131047c56061ba64b69e13da alignnone  enable-bg-rollover dt-icon-bg-off\" style=\"margin-top:0px; margin-bottom:0px; margin-left:0px; margin-right:0px; width:75px;\"><div class=\"shortcode-single-image\"><div class=\"fancy-media-wrap  layzr-bg\" style=\"\"><img decoding=\"async\" class=\"preload-me lazy-load aspect\" src=\"data:image\/svg+xml,%3Csvg%20xmlns%3D&#39;http%3A%2F%2Fwww.w3.org%2F2000%2Fsvg&#39;%20viewBox%3D&#39;0%200%2075%2075&#39;%2F%3E\" data-src=\"https:\/\/www.gulizardoner.tr\/emniyet\/wp-content\/uploads\/2025\/09\/gulizar-doner-gorsel-1-75x75.jpg\" data-srcset=\"https:\/\/www.gulizardoner.tr\/emniyet\/wp-content\/uploads\/2025\/09\/gulizar-doner-gorsel-1-75x75.jpg 75w, https:\/\/www.gulizardoner.tr\/emniyet\/wp-content\/uploads\/2025\/09\/gulizar-doner-gorsel-1-150x150.jpg 150w\" loading=\"eager\" sizes=\"(max-width: 75px) 100vw, 75px\" width=\"75\" height=\"75\"  data-dt-location=\"https:\/\/www.gulizardoner.tr\/emniyet\/sample-page\/gulizar-doner-gorsel-1-2\/\" style=\"--ratio: 75 \/ 75;\" alt=\"\" \/><\/div><\/div><\/div>[vc_empty_space height=&#8221;12px&#8221;]<div id=\"ultimate-heading-523069e61761ce469\" class=\"uvc-heading ult-adjust-bottom-margin ultimate-heading-523069e61761ce469 uvc-7971  uvc-heading-default-font-sizes\" data-hspacer=\"no_spacer\"  data-halign=\"center\" style=\"text-align:center\"><div class=\"uvc-heading-spacer no_spacer\" style=\"top\"><\/div><div class=\"uvc-main-heading ult-responsive\"  data-ultimate-target='.uvc-heading.ultimate-heading-523069e61761ce469 h2'  data-responsive-json-new='{\"font-size\":\"\",\"line-height\":\"\"}' ><h2 style=\"--font-weight:theme;\">Karak\u00f6pr\u00fc D\u00f6nerci \u015eubemiz<\/h2><\/div><\/div>[vc_empty_space height=&#8221;9px&#8221;]<style type=\"text\/css\" data-type=\"the7_shortcodes-inline-css\">#default-btn-286db869c8fa7a722044a13fa91cab40.ico-right-side > i {\n  margin-right: 0px;\n  margin-left: 8px;\n}\n#default-btn-286db869c8fa7a722044a13fa91cab40 > i {\n  margin-right: 8px;\n}\n<\/style><div class=\"btn-align-center\"><a href=\"https:\/\/www.gulizardoner.tr\/karakopru\/\" class=\"default-btn-shortcode dt-btn dt-btn-s link-hover-off \" id=\"default-btn-286db869c8fa7a722044a13fa91cab40\"><span>\u015eubemizi \u0130nceleyin<\/span><\/a><\/div>[\/vc_column][vc_column width=&#8221;1\/4&#8243;]<style type=\"text\/css\" data-type=\"the7_shortcodes-inline-css\">.shortcode-single-image-wrap.shortcode-single-image-c6757980131047c56061ba64b69e13da.enable-bg-rollover .rollover i,\n.shortcode-single-image-wrap.shortcode-single-image-c6757980131047c56061ba64b69e13da.enable-bg-rollover .rollover-video i {\n  background: -webkit-linear-gradient();\n  background: linear-gradient();\n}\n.shortcode-single-image-wrap.shortcode-single-image-c6757980131047c56061ba64b69e13da .rollover-icon {\n  font-size: 32px;\n  color: #ffffff;\n  min-width: 44px;\n  min-height: 44px;\n  line-height: 44px;\n  border-radius: 100px;\n  border-style: solid;\n  border-width: 0px;\n}\n.dt-icon-bg-on.shortcode-single-image-wrap.shortcode-single-image-c6757980131047c56061ba64b69e13da .rollover-icon {\n  background: rgba(255,255,255,0.3);\n  box-shadow: none;\n}\n<\/style><div class=\"shortcode-single-image-wrap shortcode-single-image-c6757980131047c56061ba64b69e13da alignnone  enable-bg-rollover dt-icon-bg-off\" style=\"margin-top:0px; margin-bottom:0px; margin-left:0px; margin-right:0px; width:75px;\"><div class=\"shortcode-single-image\"><div class=\"fancy-media-wrap  layzr-bg\" style=\"\"><img decoding=\"async\" class=\"preload-me lazy-load aspect\" src=\"data:image\/svg+xml,%3Csvg%20xmlns%3D&#39;http%3A%2F%2Fwww.w3.org%2F2000%2Fsvg&#39;%20viewBox%3D&#39;0%200%2075%2075&#39;%2F%3E\" data-src=\"https:\/\/www.gulizardoner.tr\/emniyet\/wp-content\/uploads\/2025\/09\/gulizar-doner-gorsel-1-75x75.jpg\" data-srcset=\"https:\/\/www.gulizardoner.tr\/emniyet\/wp-content\/uploads\/2025\/09\/gulizar-doner-gorsel-1-75x75.jpg 75w, https:\/\/www.gulizardoner.tr\/emniyet\/wp-content\/uploads\/2025\/09\/gulizar-doner-gorsel-1-150x150.jpg 150w\" loading=\"eager\" sizes=\"(max-width: 75px) 100vw, 75px\" width=\"75\" height=\"75\"  data-dt-location=\"https:\/\/www.gulizardoner.tr\/emniyet\/sample-page\/gulizar-doner-gorsel-1-2\/\" style=\"--ratio: 75 \/ 75;\" alt=\"\" \/><\/div><\/div><\/div>[vc_empty_space height=&#8221;12px&#8221;]<div id=\"ultimate-heading-72769e61761cea39\" class=\"uvc-heading ult-adjust-bottom-margin ultimate-heading-72769e61761cea39 uvc-5291  uvc-heading-default-font-sizes\" data-hspacer=\"no_spacer\"  data-halign=\"center\" style=\"text-align:center\"><div class=\"uvc-heading-spacer no_spacer\" style=\"top\"><\/div><div class=\"uvc-main-heading ult-responsive\"  data-ultimate-target='.uvc-heading.ultimate-heading-72769e61761cea39 h2'  data-responsive-json-new='{\"font-size\":\"\",\"line-height\":\"\"}' ><h2 style=\"--font-weight:theme;\">\u00c7ar\u015f\u0131 D\u00f6nerci<br \/>\n\u015eubemiz<\/h2><\/div><\/div>[vc_empty_space height=&#8221;9px&#8221;]<style type=\"text\/css\" data-type=\"the7_shortcodes-inline-css\">#default-btn-9c637a0183d5dab7a69f48dec44be676.ico-right-side > i {\n  margin-right: 0px;\n  margin-left: 8px;\n}\n#default-btn-9c637a0183d5dab7a69f48dec44be676 > i {\n  margin-right: 8px;\n}\n<\/style><div class=\"btn-align-center\"><a href=\"https:\/\/www.gulizardoner.tr\/carsi\/\" class=\"default-btn-shortcode dt-btn dt-btn-s link-hover-off \" id=\"default-btn-9c637a0183d5dab7a69f48dec44be676\"><span>\u015eubemizi \u0130nceleyin<\/span><\/a><\/div>[\/vc_column][vc_column width=&#8221;1\/4&#8243;][\/vc_column][\/vc_row][vc_row][vc_column][vc_empty_space height=&#8221;52px&#8221;][\/vc_column][\/vc_row]<\/p>\n","protected":false},"excerpt":{"rendered":"<p>[vc_row][vc_column][vc_empty_space height=&#8221;62px&#8221;][\/vc_column][\/vc_row][vc_row][vc_column width=&#8221;1\/6&#8243;][\/vc_column][vc_column width=&#8221;2\/3&#8243;][vc_empty_space height=&#8221;12&#8243;][\/vc_column][vc_column width=&#8221;1\/6&#8243;][\/vc_column][\/vc_row][vc_row][vc_column][vc_empty_space][vc_separator][\/vc_column][\/vc_row][vc_row][vc_column][vc_empty_space][\/vc_column][\/vc_row][vc_row][vc_column width=&#8221;1\/4&#8243;][\/vc_column][vc_column width=&#8221;1\/4&#8243;][vc_empty_space height=&#8221;12px&#8221;][vc_empty_space height=&#8221;9px&#8221;][\/vc_column][vc_column width=&#8221;1\/4&#8243;][vc_empty_space height=&#8221;12px&#8221;][vc_empty_space height=&#8221;9px&#8221;][\/vc_column][vc_column width=&#8221;1\/4&#8243;][\/vc_column][\/vc_row][vc_row][vc_column][vc_empty_space height=&#8221;52px&#8221;][\/vc_column][\/vc_row]<\/p>\n","protected":false},"author":1,"featured_media":0,"parent":0,"menu_order":0,"comment_status":"closed","ping_status":"open","template":"","meta":{"footnotes":""},"class_list":["post-51","page","type-page","status-publish","hentry","description-off"],"aioseo_notices":[],"_links":{"self":[{"href":"https:\/\/www.gulizardoner.tr\/emniyet\/wp-json\/wp\/v2\/pages\/51","targetHints":{"allow":["GET"]}}],"collection":[{"href":"https:\/\/www.gulizardoner.tr\/emniyet\/wp-json\/wp\/v2\/pages"}],"about":[{"href":"https:\/\/www.gulizardoner.tr\/emniyet\/wp-json\/wp\/v2\/types\/page"}],"author":[{"embeddable":true,"href":"https:\/\/www.gulizardoner.tr\/emniyet\/wp-json\/wp\/v2\/users\/1"}],"replies":[{"embeddable":true,"href":"https:\/\/www.gulizardoner.tr\/emniyet\/wp-json\/wp\/v2\/comments?post=51"}],"version-history":[{"count":2,"href":"https:\/\/www.gulizardoner.tr\/emniyet\/wp-json\/wp\/v2\/pages\/51\/revisions"}],"predecessor-version":[{"id":53,"href":"https:\/\/www.gulizardoner.tr\/emniyet\/wp-json\/wp\/v2\/pages\/51\/revisions\/53"}],"wp:attachment":[{"href":"https:\/\/www.gulizardoner.tr\/emniyet\/wp-json\/wp\/v2\/media?parent=51"}],"curies":[{"name":"wp","href":"https:\/\/api.w.org\/{rel}","templated":true}]}}